{"id":122,"date":"2026-02-11T14:24:58","date_gmt":"2026-02-11T14:24:58","guid":{"rendered":"https:\/\/furry-orca.localsite.io\/?page_id=122"},"modified":"2026-03-10T05:50:49","modified_gmt":"2026-03-10T05:50:49","slug":"about-us","status":"publish","type":"page","link":"https:\/\/skylineglobaldxb.com\/es\/about-us\/","title":{"rendered":"Sobre nosotros"},"content":{"rendered":"<div data-elementor-type=\"wp-page\" data-elementor-id=\"122\" class=\"elementor elementor-122\" data-elementor-post-type=\"page\">\n\t\t\t\t<div class=\"elementor-element elementor-element-69f3c53a e-flex e-con-boxed e-con e-parent\" data-id=\"69f3c53a\" data-element_type=\"container\" data-e-type=\"container\" data-settings=\"{&quot;background_background&quot;:&quot;classic&quot;}\">\n\t\t\t\t\t<div class=\"e-con-inner\">\n\t\t\t\t<div class=\"elementor-element elementor-element-2be1356e elementor-widget elementor-widget-heading\" data-id=\"2be1356e\" data-element_type=\"widget\" data-e-type=\"widget\" data-widget_type=\"heading.default\">\n\t\t\t\t\t<h1 class=\"elementor-heading-title elementor-size-default\">Sobre nosotros\n<\/h1>\t\t\t\t<\/div>\n\t\t\t\t<div class=\"elementor-element elementor-element-6c98dce3 elementor-widget__width-initial elementor-widget elementor-widget-text-editor\" data-id=\"6c98dce3\" data-element_type=\"widget\" data-e-type=\"widget\" data-widget_type=\"text-editor.default\">\n\t\t\t\t\t\t\t\t\t<p>Nos especializamos en soluciones inmobiliarias transfronterizas y ofrecemos servicios integrales para localizar y gestionar propiedades de inversi\u00f3n o residenciales en todo el mundo. Skyline Global: la soluci\u00f3n global para el sector inmobiliario.<\/p>\t\t\t\t\t\t\t\t<\/div>\n\t\t\t\t\t<\/div>\n\t\t\t\t<\/div>\n\t\t<div class=\"elementor-element elementor-element-2cd5eb61 e-flex e-con-boxed e-con e-parent\" data-id=\"2cd5eb61\" data-element_type=\"container\" data-e-type=\"container\">\n\t\t\t\t\t<div class=\"e-con-inner\">\n\t\t<div class=\"elementor-element elementor-element-24cbabc9 e-con-full e-flex e-con e-child\" data-id=\"24cbabc9\" data-element_type=\"container\" data-e-type=\"container\" data-aos=\"fade-right\">\n\t\t\t\t<div class=\"elementor-element elementor-element-5828ba9a elementor-widget elementor-widget-heading\" data-id=\"5828ba9a\" data-element_type=\"widget\" data-e-type=\"widget\" data-widget_type=\"heading.default\">\n\t\t\t\t\t<h2 class=\"elementor-heading-title elementor-size-default\">MISI\u00d3N Y VALORES\n<\/h2>\t\t\t\t<\/div>\n\t\t\t\t<div class=\"elementor-element elementor-element-c4bd253 elementor-widget__width-initial elementor-widget elementor-widget-text-editor\" data-id=\"c4bd253\" data-element_type=\"widget\" data-e-type=\"widget\" data-widget_type=\"text-editor.default\">\n\t\t\t\t\t\t\t\t\t<p>Skyline Global aspira a ser una gu\u00eda y experta de confianza para los compradores israel\u00edes en el mercado inmobiliario de lujo de Dub\u00e1i, ayud\u00e1ndoles a encontrar la propiedad ideal para su inversi\u00f3n y estilo de vida. Sus valores fundamentales son el prestigio, la confianza, la confidencialidad y un servicio integral en cada etapa.<\/p>\t\t\t\t\t\t\t\t<\/div>\n\t\t\t\t<\/div>\n\t\t<div class=\"elementor-element elementor-element-6544621a e-con-full e-flex e-con e-child\" data-id=\"6544621a\" data-element_type=\"container\" data-e-type=\"container\" data-aos=\"fade-left\">\n\t\t\t\t<div class=\"elementor-element elementor-element-25f9e300 elementor-widget elementor-widget-image\" data-id=\"25f9e300\" data-element_type=\"widget\" data-e-type=\"widget\" data-widget_type=\"image.default\">\n\t\t\t\t\t\t\t\t\t\t\t\t\t\t\t<img fetchpriority=\"high\" decoding=\"async\" width=\"442\" height=\"550\" src=\"https:\/\/skylineglobaldxb.com\/wp-content\/uploads\/2026\/02\/Screenshot_2.avif\" class=\"attachment-large size-large wp-image-124\" alt=\"\" srcset=\"https:\/\/skylineglobaldxb.com\/wp-content\/uploads\/2026\/02\/Screenshot_2.avif 442w, https:\/\/skylineglobaldxb.com\/wp-content\/uploads\/2026\/02\/Screenshot_2-241x300.avif 241w, https:\/\/skylineglobaldxb.com\/wp-content\/uploads\/2026\/02\/Screenshot_2-10x12.avif 10w\" sizes=\"(max-width: 442px) 100vw, 442px\" \/>\t\t\t\t\t\t\t\t\t\t\t\t\t\t\t<\/div>\n\t\t\t\t<\/div>\n\t\t\t\t\t<\/div>\n\t\t\t\t<\/div>\n\t\t<div class=\"elementor-element elementor-element-56aa7444 e-flex e-con-boxed e-con e-parent\" data-id=\"56aa7444\" data-element_type=\"container\" data-e-type=\"container\" data-settings=\"{&quot;background_background&quot;:&quot;classic&quot;}\">\n\t\t\t\t\t<div class=\"e-con-inner\">\n\t\t\t\t\t<\/div>\n\t\t\t\t<\/div>\n\t\t<div class=\"elementor-element elementor-element-399469f e-con-full e-flex e-con e-parent\" data-id=\"399469f\" data-element_type=\"container\" data-e-type=\"container\">\n\t\t\t\t<div class=\"elementor-element elementor-element-70614423 elementor-widget elementor-widget-template\" data-id=\"70614423\" data-element_type=\"widget\" data-e-type=\"widget\" data-widget_type=\"template.default\">\n\t\t\t\t<div class=\"elementor-widget-container\">\n\t\t\t\t\t\t\t<div class=\"elementor-template\">\n\t\t\t\t\t<div data-elementor-type=\"container\" data-elementor-id=\"72\" class=\"elementor elementor-72\" data-elementor-post-type=\"elementor_library\">\n\t\t\t\t<div class=\"elementor-element elementor-element-4b208a6b e-flex e-con-boxed e-con e-parent\" data-id=\"4b208a6b\" data-element_type=\"container\" data-e-type=\"container\">\n\t\t\t\t\t<div class=\"e-con-inner\">\n\t\t<div class=\"elementor-element elementor-element-35318223 e-con-full e-flex e-con e-child\" data-id=\"35318223\" data-element_type=\"container\" data-e-type=\"container\" data-settings=\"{&quot;background_background&quot;:&quot;classic&quot;}\" data-aos=\"fade-up\">\n\t\t<div class=\"elementor-element elementor-element-4ac5d52e e-con-full e-flex e-con e-child\" data-id=\"4ac5d52e\" data-element_type=\"container\" data-e-type=\"container\">\n\t\t\t\t<div class=\"elementor-element elementor-element-5ae13d1c elementor-widget__width-initial elementor-widget elementor-widget-heading\" data-id=\"5ae13d1c\" data-element_type=\"widget\" data-e-type=\"widget\" data-widget_type=\"heading.default\">\n\t\t\t\t\t<h2 class=\"elementor-heading-title elementor-size-default\">Estamos aqu\u00ed para hacer que su proceso de compra de bienes ra\u00edces en Dubai sea sencillo y claro.<\/h2>\t\t\t\t<\/div>\n\t\t\t\t<div class=\"elementor-element elementor-element-7fd66527 elementor-widget elementor-widget-text-editor\" data-id=\"7fd66527\" data-element_type=\"widget\" data-e-type=\"widget\" data-widget_type=\"text-editor.default\">\n\t\t\t\t\t\t\t\t\t<p>Cont\u00e1ctanos y disfruta de apoyo profesional y personalizado en cada etapa.<\/p>\t\t\t\t\t\t\t\t<\/div>\n\t\t<div class=\"elementor-element elementor-element-5bdf310 e-con-full e-flex e-con e-child\" data-id=\"5bdf310\" data-element_type=\"container\" data-e-type=\"container\">\n\t\t\t\t<div class=\"elementor-element elementor-element-75fca2fc elementor-align-left elementor-widget elementor-widget-button\" data-id=\"75fca2fc\" data-element_type=\"widget\" data-e-type=\"widget\" data-widget_type=\"button.default\">\n\t\t\t\t\t\t\t\t\t\t<a class=\"elementor-button elementor-button-link elementor-size-sm\" href=\"https:\/\/skylineglobaldxb.com\/es\/contact\/\">\n\t\t\t\t\t\t<span class=\"elementor-button-content-wrapper\">\n\t\t\t\t\t\t<span class=\"elementor-button-icon\">\n\t\t\t\t<svg aria-hidden=\"true\" class=\"e-font-icon-svg e-fas-arrow-right\" viewbox=\"0 0 448 512\" xmlns=\"http:\/\/www.w3.org\/2000\/svg\"><path d=\"M190.5 66.9l22.2-22.2c9.4-9.4 24.6-9.4 33.9 0L441 239c9.4 9.4 9.4 24.6 0 33.9L246.6 467.3c-9.4 9.4-24.6 9.4-33.9 0l-22.2-22.2c-9.5-9.5-9.3-25 .4-34.3L311.4 296H24c-13.3 0-24-10.7-24-24v-32c0-13.3 10.7-24 24-24h287.4L190.9 101.2c-9.8-9.3-10-24.8-.4-34.3z\"><\/path><\/svg>\t\t\t<\/span>\n\t\t\t\t\t\t\t\t\t<span class=\"elementor-button-text\">Encuentra tu hogar en Dub\u00e1i<\/span>\n\t\t\t\t\t<\/span>\n\t\t\t\t\t<\/a>\n\t\t\t\t\t\t\t\t<\/div>\n\t\t\t\t<div class=\"elementor-element elementor-element-2f99521f elementor-widget elementor-widget-button\" data-id=\"2f99521f\" data-element_type=\"widget\" data-e-type=\"widget\" data-widget_type=\"button.default\">\n\t\t\t\t\t\t\t\t\t\t<a class=\"elementor-button elementor-button-link elementor-size-sm\" href=\"mailto:support@skylineglobaldxb.com\">\n\t\t\t\t\t\t<span class=\"elementor-button-content-wrapper\">\n\t\t\t\t\t\t\t\t\t<span class=\"elementor-button-text\">support@skylineglobaldxb.com<\/span>\n\t\t\t\t\t<\/span>\n\t\t\t\t\t<\/a>\n\t\t\t\t\t\t\t\t<\/div>\n\t\t\t\t<\/div>\n\t\t\t\t<\/div>\n\t\t<div class=\"elementor-element elementor-element-350fd93b e-con-full e-flex e-con e-child\" data-id=\"350fd93b\" data-element_type=\"container\" data-e-type=\"container\">\n\t\t\t\t<div class=\"elementor-element elementor-element-e3a5924 elementor-widget elementor-widget-image\" data-id=\"e3a5924\" data-element_type=\"widget\" data-e-type=\"widget\" data-widget_type=\"image.default\">\n\t\t\t\t\t\t\t\t\t\t\t\t\t\t\t<img decoding=\"async\" width=\"342\" height=\"415\" src=\"https:\/\/skylineglobaldxb.com\/wp-content\/uploads\/2026\/02\/d64ef0_2f4056c660b9442f844999ac12813e09mv2.avif\" class=\"attachment-large size-large wp-image-71\" alt=\"\" srcset=\"https:\/\/skylineglobaldxb.com\/wp-content\/uploads\/2026\/02\/d64ef0_2f4056c660b9442f844999ac12813e09mv2.avif 342w, https:\/\/skylineglobaldxb.com\/wp-content\/uploads\/2026\/02\/d64ef0_2f4056c660b9442f844999ac12813e09mv2-247x300.avif 247w\" sizes=\"(max-width: 342px) 100vw, 342px\" \/>\t\t\t\t\t\t\t\t\t\t\t\t\t\t\t<\/div>\n\t\t\t\t<\/div>\n\t\t\t\t<\/div>\n\t\t\t\t\t<\/div>\n\t\t\t\t<\/div>\n\t\t\t\t<\/div>\n\t\t\t\t<\/div>\n\t\t\t\t\t\t<\/div>\n\t\t\t\t<\/div>\n\t\t\t\t<\/div>\n\t\t\t\t<\/div>","protected":false},"excerpt":{"rendered":"<p>About Us We specialize in cross-border real estate solutions and provide comprehensive services to locate and manage investment or residential properties worldwide. Skyline Global &#8211; the global solution for real estate. MISSION AND VALUES Skyline Global aims to be a trusted guide and expert for buyers in the Dubai luxury property market, helping them find [&hellip;]<\/p>\n","protected":false},"author":1,"featured_media":0,"parent":0,"menu_order":0,"comment_status":"closed","ping_status":"closed","template":"elementor_header_footer","meta":{"inline_featured_image":false,"_joinchat":[],"footnotes":""},"class_list":["post-122","page","type-page","status-publish","hentry"],"yoast_head":"<!-- This site is optimized with the Yoast SEO plugin v27.5 - https:\/\/yoast.com\/product\/yoast-seo-wordpress\/ -->\n<title>Expert Property Consultants in Dubai, UAE - Skyline Global<\/title>\n<meta name=\"description\" content=\"Skyline Global - your expert property consultants in Dubai Marina, Dubai Hills Estate, Town Square &amp; Downtown Dubai. Find the perfect property with us today.\" \/>\n<meta name=\"robots\" content=\"index, follow, max-snippet:-1, max-image-preview:large, max-video-preview:-1\" \/>\n<link rel=\"canonical\" href=\"https:\/\/skylineglobaldxb.com\/es\/about-us\/\" \/>\n<meta property=\"og:locale\" content=\"es_ES\" \/>\n<meta property=\"og:type\" content=\"article\" \/>\n<meta property=\"og:title\" content=\"Expert Property Consultants in Dubai, UAE - Skyline Global\" \/>\n<meta property=\"og:description\" content=\"Skyline Global - your expert property consultants in Dubai Marina, Dubai Hills Estate, Town Square &amp; Downtown Dubai. Find the perfect property with us today.\" \/>\n<meta property=\"og:url\" content=\"https:\/\/skylineglobaldxb.com\/es\/about-us\/\" \/>\n<meta property=\"og:site_name\" content=\"Skyline Global\" \/>\n<meta property=\"article:modified_time\" content=\"2026-03-10T05:50:49+00:00\" \/>\n<meta property=\"og:image\" content=\"https:\/\/skylineglobaldxb.com\/wp-content\/uploads\/2026\/02\/Screenshot_2.avif\" \/>\n<meta name=\"twitter:card\" content=\"summary_large_image\" \/>\n<meta name=\"twitter:label1\" content=\"Tiempo de lectura\" \/>\n\t<meta name=\"twitter:data1\" content=\"1 minuto\" \/>\n<script type=\"application\/ld+json\" class=\"yoast-schema-graph\">{\"@context\":\"https:\\\/\\\/schema.org\",\"@graph\":[{\"@type\":\"WebPage\",\"@id\":\"https:\\\/\\\/skylineglobaldxb.com\\\/about-us\\\/\",\"url\":\"https:\\\/\\\/skylineglobaldxb.com\\\/about-us\\\/\",\"name\":\"Expert Property Consultants in Dubai, UAE - Skyline Global\",\"isPartOf\":{\"@id\":\"https:\\\/\\\/skylineglobaldxb.com\\\/#website\"},\"primaryImageOfPage\":{\"@id\":\"https:\\\/\\\/skylineglobaldxb.com\\\/about-us\\\/#primaryimage\"},\"image\":{\"@id\":\"https:\\\/\\\/skylineglobaldxb.com\\\/about-us\\\/#primaryimage\"},\"thumbnailUrl\":\"https:\\\/\\\/skylineglobaldxb.com\\\/wp-content\\\/uploads\\\/2026\\\/02\\\/Screenshot_2.avif\",\"datePublished\":\"2026-02-11T14:24:58+00:00\",\"dateModified\":\"2026-03-10T05:50:49+00:00\",\"description\":\"Skyline Global - your expert property consultants in Dubai Marina, Dubai Hills Estate, Town Square & Downtown Dubai. Find the perfect property with us today.\",\"breadcrumb\":{\"@id\":\"https:\\\/\\\/skylineglobaldxb.com\\\/about-us\\\/#breadcrumb\"},\"inLanguage\":\"es\",\"potentialAction\":[{\"@type\":\"ReadAction\",\"target\":[\"https:\\\/\\\/skylineglobaldxb.com\\\/about-us\\\/\"]}]},{\"@type\":\"ImageObject\",\"inLanguage\":\"es\",\"@id\":\"https:\\\/\\\/skylineglobaldxb.com\\\/about-us\\\/#primaryimage\",\"url\":\"https:\\\/\\\/skylineglobaldxb.com\\\/wp-content\\\/uploads\\\/2026\\\/02\\\/Screenshot_2.avif\",\"contentUrl\":\"https:\\\/\\\/skylineglobaldxb.com\\\/wp-content\\\/uploads\\\/2026\\\/02\\\/Screenshot_2.avif\"},{\"@type\":\"BreadcrumbList\",\"@id\":\"https:\\\/\\\/skylineglobaldxb.com\\\/about-us\\\/#breadcrumb\",\"itemListElement\":[{\"@type\":\"ListItem\",\"position\":1,\"name\":\"Home\",\"item\":\"https:\\\/\\\/skylineglobaldxb.com\\\/\"},{\"@type\":\"ListItem\",\"position\":2,\"name\":\"About Us\"}]},{\"@type\":\"WebSite\",\"@id\":\"https:\\\/\\\/skylineglobaldxb.com\\\/#website\",\"url\":\"https:\\\/\\\/skylineglobaldxb.com\\\/\",\"name\":\"Skyline Global\",\"description\":\"Dubai Real Estate\",\"potentialAction\":[{\"@type\":\"SearchAction\",\"target\":{\"@type\":\"EntryPoint\",\"urlTemplate\":\"https:\\\/\\\/skylineglobaldxb.com\\\/?s={search_term_string}\"},\"query-input\":{\"@type\":\"PropertyValueSpecification\",\"valueRequired\":true,\"valueName\":\"search_term_string\"}}],\"inLanguage\":\"es\"}]}<\/script>\n<!-- \/ Yoast SEO plugin. -->","yoast_head_json":{"title":"Expert Property Consultants in Dubai, UAE - Skyline Global","description":"Skyline Global - your expert property consultants in Dubai Marina, Dubai Hills Estate, Town Square & Downtown Dubai. Find the perfect property with us today.","robots":{"index":"index","follow":"follow","max-snippet":"max-snippet:-1","max-image-preview":"max-image-preview:large","max-video-preview":"max-video-preview:-1"},"canonical":"https:\/\/skylineglobaldxb.com\/es\/about-us\/","og_locale":"es_ES","og_type":"article","og_title":"Expert Property Consultants in Dubai, UAE - Skyline Global","og_description":"Skyline Global - your expert property consultants in Dubai Marina, Dubai Hills Estate, Town Square & Downtown Dubai. Find the perfect property with us today.","og_url":"https:\/\/skylineglobaldxb.com\/es\/about-us\/","og_site_name":"Skyline Global","article_modified_time":"2026-03-10T05:50:49+00:00","og_image":[{"url":"https:\/\/skylineglobaldxb.com\/wp-content\/uploads\/2026\/02\/Screenshot_2.avif","type":"","width":"","height":""}],"twitter_card":"summary_large_image","twitter_misc":{"Tiempo de lectura":"1 minuto"},"schema":{"@context":"https:\/\/schema.org","@graph":[{"@type":"WebPage","@id":"https:\/\/skylineglobaldxb.com\/about-us\/","url":"https:\/\/skylineglobaldxb.com\/about-us\/","name":"Expert Property Consultants in Dubai, UAE - Skyline Global","isPartOf":{"@id":"https:\/\/skylineglobaldxb.com\/#website"},"primaryImageOfPage":{"@id":"https:\/\/skylineglobaldxb.com\/about-us\/#primaryimage"},"image":{"@id":"https:\/\/skylineglobaldxb.com\/about-us\/#primaryimage"},"thumbnailUrl":"https:\/\/skylineglobaldxb.com\/wp-content\/uploads\/2026\/02\/Screenshot_2.avif","datePublished":"2026-02-11T14:24:58+00:00","dateModified":"2026-03-10T05:50:49+00:00","description":"Skyline Global - your expert property consultants in Dubai Marina, Dubai Hills Estate, Town Square & Downtown Dubai. Find the perfect property with us today.","breadcrumb":{"@id":"https:\/\/skylineglobaldxb.com\/about-us\/#breadcrumb"},"inLanguage":"es","potentialAction":[{"@type":"ReadAction","target":["https:\/\/skylineglobaldxb.com\/about-us\/"]}]},{"@type":"ImageObject","inLanguage":"es","@id":"https:\/\/skylineglobaldxb.com\/about-us\/#primaryimage","url":"https:\/\/skylineglobaldxb.com\/wp-content\/uploads\/2026\/02\/Screenshot_2.avif","contentUrl":"https:\/\/skylineglobaldxb.com\/wp-content\/uploads\/2026\/02\/Screenshot_2.avif"},{"@type":"BreadcrumbList","@id":"https:\/\/skylineglobaldxb.com\/about-us\/#breadcrumb","itemListElement":[{"@type":"ListItem","position":1,"name":"Home","item":"https:\/\/skylineglobaldxb.com\/"},{"@type":"ListItem","position":2,"name":"About Us"}]},{"@type":"WebSite","@id":"https:\/\/skylineglobaldxb.com\/#website","url":"https:\/\/skylineglobaldxb.com\/","name":"Skyline Global","description":"Dubai Real Estate","potentialAction":[{"@type":"SearchAction","target":{"@type":"EntryPoint","urlTemplate":"https:\/\/skylineglobaldxb.com\/?s={search_term_string}"},"query-input":{"@type":"PropertyValueSpecification","valueRequired":true,"valueName":"search_term_string"}}],"inLanguage":"es"}]}},"_links":{"self":[{"href":"https:\/\/skylineglobaldxb.com\/es\/wp-json\/wp\/v2\/pages\/122","targetHints":{"allow":["GET"]}}],"collection":[{"href":"https:\/\/skylineglobaldxb.com\/es\/wp-json\/wp\/v2\/pages"}],"about":[{"href":"https:\/\/skylineglobaldxb.com\/es\/wp-json\/wp\/v2\/types\/page"}],"author":[{"embeddable":true,"href":"https:\/\/skylineglobaldxb.com\/es\/wp-json\/wp\/v2\/users\/1"}],"replies":[{"embeddable":true,"href":"https:\/\/skylineglobaldxb.com\/es\/wp-json\/wp\/v2\/comments?post=122"}],"version-history":[{"count":1,"href":"https:\/\/skylineglobaldxb.com\/es\/wp-json\/wp\/v2\/pages\/122\/revisions"}],"predecessor-version":[{"id":631,"href":"https:\/\/skylineglobaldxb.com\/es\/wp-json\/wp\/v2\/pages\/122\/revisions\/631"}],"wp:attachment":[{"href":"https:\/\/skylineglobaldxb.com\/es\/wp-json\/wp\/v2\/media?parent=122"}],"curies":[{"name":"wp","href":"https:\/\/api.w.org\/{rel}","templated":true}]}}